{"id":14272,"date":"2023-08-03T03:20:23","date_gmt":"2023-08-03T03:20:23","guid":{"rendered":"https:\/\/course.oeru.org\/lida103-fr\/?page_id=14272"},"modified":"2023-08-03T03:20:23","modified_gmt":"2023-08-03T03:20:23","slug":"lancez-vous-travail-de-reflexion-sur-le-libre-acces","status":"publish","type":"page","link":"https:\/\/course.oeru.org\/lida103-fr\/modules\/dimensions-du-libre-acces\/lancez-vous-travail-de-reflexion-sur-le-libre-acces\/","title":{"rendered":"Lancez-vous \u2013 Travail de r\u00e9flexion sur le libre acc\u00e8s"},"content":{"rendered":"<div id=\"content\" class=\"mw-body container\" role=\"main\">\n<div class=\"row\">\n<div class=\"col-md-12\">\n<div class=\"panel\">\n<div class=\"panel-body\">\n<div id=\"bodyContent\">\n<div id=\"mw-content-text\" lang=\"en\" dir=\"ltr\" class=\"mw-content-ltr\"><div class=\"panel iDevice\">\n\t<div class=\"panel-heading idevice-heading\">\n\t\t<div>\n\t\t\t<img decoding=\"async\" class=\"pedagogicalicon\" alt=\"summary\" src=\"https:\/\/course.oeru.org\/lida103-fr\/wp-content\/themes\/oeru-course\/idevices\/Icon_summary.png\">\n\t\t<\/div>\n\t\t<div>\n\t\t\t<h2>Principe du d\u00e9fi<\/h2>\n\t\t<\/div>\n\t<\/div>\n\t<div class=\"panel-body\">\n\t\t<div class=\"col-md-12\">\n\t\t\t<\/p>\n<table>\n<tbody>\n<tr>\n<td width=\"100px\"><b>Principe<\/b>:<\/td>\n<td>R\u00e9diger un travail de r\u00e9flexion sur le pr\u00e9sent module, <a href=\"\/lida103-fr\/modules\/dimensions-du-libre-acces\/apercu\" title=\"Learning in a digital age\/LiDA103 fr\/Dimensions of openness\/Overview\">dimensions du libre acc\u00e8s<\/a> en faveur de l\u2019apprentissage \u00e0 l\u2019\u00e8re du num\u00e9rique.<\/td>\n<\/tr>\n<tr>\n<td>\n<div class=\"floatleft\"><a href=\"https:\/\/wikieducator.org\/File:Time7.svg\" class=\"image\"><img loading=\"lazy\" decoding=\"async\" alt=\"Time7.svg\" src=\"\/\/wikieducator.org\/images\/thumb\/8\/88\/Time7.svg\/30px-Time7.svg.png\" width=\"30\" height=\"30\" class=\"img-responsive\"><\/a><\/div>\n<\/td>\n<td>1 heure<\/td>\n<\/tr>\n<\/tbody>\n<\/table>\n<p>L\u2019autor\u00e9flexion repr\u00e9sente un \u00e9l\u00e9ment important des \u00e9tudes universitaires. Ainsi, le dernier devoir du cours consiste \u00e0 pr\u00e9parer une r\u00e9flexion\u2009; ce d\u00e9fi p\u00e9dagogique vous donnera l\u2019occasion de mettre \u00e0 l\u2019\u00e9preuve et d\u2019aiguiser votre aptitude \u00e0 mener une r\u00e9flexion.\n<\/p>\n<p>\n<\/p>\n<p>\n\t\t<\/div>\n\t<\/div>\n<\/div><\/p>\n<p>\n<\/p>\n<h2><span class=\"mw-headline\" id=\"Commencez_ici\">Commencez ici<\/span><\/h2>\n<div class=\"panel iDevice\">\n\t<div class=\"panel-heading idevice-heading\">\n\t\t<div>\n\t\t\t<img decoding=\"async\" class=\"pedagogicalicon\" alt=\"web resources\" src=\"https:\/\/course.oeru.org\/lida103-fr\/wp-content\/themes\/oeru-course\/idevices\/Icon_inter.png\">\n\t\t<\/div>\n\t\t<div>\n\t\t\t<h2>Ressources pour vous inspirer<\/h2>\n\t\t<\/div>\n\t<\/div>\n\t<div class=\"panel-body\">\n\t\t<div class=\"col-md-12\">\n\t\t\t<\/p>\n<p><b>Documents utiles sur l\u2019\u00e9criture (ou pratique) r\u00e9flexive (en anglais seulement)<\/b>\n<\/p>\n<ul>\n<li> <a rel=\"nofollow\" class=\"external text\" href=\"http:\/\/www.lc.unsw.edu.au\/onlib\/reflect.html\">Reflective writing<\/a> (ou <a href=\"https:\/\/wikieducator.org\/images\/e\/e3\/Learning-reflection-UNSW.pdf\" class=\"internal\" title=\"Learning-reflection-UNSW.pdf\">version pdf<\/a>) publi\u00e9 par le Learning Centre de l\u2019Universit\u00e9 de Nouvelle-Galles-du-Sud. (N\u2019oubliez pas de consulter les liens vers lesquels renvoie cette ressource.)\n<\/li>\n<li> <a rel=\"nofollow\" class=\"external text\" href=\"http:\/\/www.monash.edu.au\/lls\/llonline\/writing\/education\/reflective-writing\/index.xml\">Reflective writing in education<\/a> publi\u00e9 par l\u2019Universit\u00e9 Monash. (N\u2019oubliez pas de consulter les liens vers lesquels renvoie cette ressource.)\n<\/li>\n<li> <a rel=\"nofollow\" class=\"external text\" href=\"https:\/\/student.unsw.edu.au\/examples-reflective-writing\">Examples of reflective writing<\/a> publi\u00e9 par l\u2019Universit\u00e9 de Nouvelle-Galles-du-Sud.\n<\/li>\n<\/ul>\n<p>\n<\/p>\n<p>\n\t\t<\/div>\n\t<\/div>\n<\/div>\n<div class=\"panel iDevice\">\n\t<div class=\"panel-heading idevice-heading\">\n\t\t<div>\n\t\t\t<img decoding=\"async\" class=\"pedagogicalicon\" alt=\"objectives\" src=\"https:\/\/course.oeru.org\/lida103-fr\/wp-content\/themes\/oeru-course\/idevices\/Icon_objectives.png\">\n\t\t<\/div>\n\t\t<div>\n\t\t\t<h2>Objectif<\/h2>\n\t\t<\/div>\n\t<\/div>\n\t<div class=\"panel-body\">\n\t\t<div class=\"col-md-12\">\n\t\t\t<\/p>\n<p>L\u2019objectif de ce travail de r\u00e9flexion est&nbsp;:\n<\/p>\n<ul>\n<li> de d\u00e9montrer vos connaissances sur la dimension du libre acc\u00e8s que vous avez choisie, en pr\u00e9cisant la relation entre votre exp\u00e9rience (ce que vous savez d\u00e9j\u00e0) et les connaissances acquises lors de ce module&nbsp;;\n<\/li>\n<li> de mener un travail de r\u00e9flexion.\n<\/li>\n<\/ul>\n<p>\n<\/p>\n<p>\n\t\t<\/div>\n\t<\/div>\n<\/div>\n<p><!-- \nNewPP limit report\nCPU time usage: 0.035 seconds\nReal time usage: 0.045 seconds\nPreprocessor visited node count: 368\/1000000\nPreprocessor generated node count: 1157\/1000000\nPost\u2010expand include size: 9522\/2097152 bytes\nTemplate argument size: 4279\/2097152 bytes\nHighest expansion depth: 8\/40\nExpensive parser function count: 0\/100\n--><\/p>\n<p><!-- Saved in parser cache with key we_en-mw_:pcache:idhash:188380-0!*!0!*!*!2!* and timestamp 20230802220822 and revision id 1085902\n -->\n<\/div>\n<div class=\"visualClear\"><\/div>\n<\/p><\/div>\n<\/p><\/div>\n<\/div>\n<\/div>\n<\/div>\n<div class=\"row\">\n<div class=\"col-md-12\">\n<ul class=\"pager\">\n<li class=\"previous\">\n            <a href=\"\/lida103-fr\/modules\/dimensions-du-libre-acces\/pratiques-educatives-libres\">\u2190 Pr\u00e9c\u00e9dent<\/a>\n          <\/li>\n<li class=\"next\">\n            <a href=\"\/lida103-fr\/modules\/dimensions-du-libre-acces\/exercice-travail-de-reflexion-sur-le-libre-acces\">Suivant \u2192<\/a>\n          <\/li>\n<\/ul><\/div>\n<\/p><\/div>\n<div id=\"wenote-ids\"><script type='text\/javascript' id='wenotes-ids'>\n    var WEnotesSite = \"https:\/\/wikieducator.org\";\n    var WEnotesPath = \"\/Learning_in_a_digital_age\/LiDA103_fr\/Dimensions_of_openness\/Start_Learning_reflection\";\n    var WEnotesSiteID = \"0e3d258fbd36841f92259eefcd41d5e9\";\n    var WEnotesPathID = \"2320873dbe17be3c47236389b0bd4f13\";\n    var WEnotesIDs = { site: \"https:\/\/wikieducator.org\", path: \"\/Learning_in_a_digital_age\/LiDA103_fr\/Dimensions_of_openness\/Start_Learning_reflection\", site_id: \"0e3d258fbd36841f92259eefcd41d5e9\", path_id: \"2320873dbe17be3c47236389b0bd4f13\" };\n<\/script><\/div>\n<\/div>\n<footer><\/footer>\n","protected":false},"excerpt":{"rendered":"<p>Commencez ici \u2190 Pr\u00e9c\u00e9dent Suivant \u2192<\/p>\n","protected":false},"author":1,"featured_media":0,"parent":14256,"menu_order":0,"comment_status":"closed","ping_status":"closed","template":"","meta":{"footnotes":""},"class_list":["post-14272","page","type-page","status-publish","hentry"],"_links":{"self":[{"href":"https:\/\/course.oeru.org\/lida103-fr\/wp-json\/wp\/v2\/pages\/14272","targetHints":{"allow":["GET"]}}],"collection":[{"href":"https:\/\/course.oeru.org\/lida103-fr\/wp-json\/wp\/v2\/pages"}],"about":[{"href":"https:\/\/course.oeru.org\/lida103-fr\/wp-json\/wp\/v2\/types\/page"}],"author":[{"embeddable":true,"href":"https:\/\/course.oeru.org\/lida103-fr\/wp-json\/wp\/v2\/users\/1"}],"replies":[{"embeddable":true,"href":"https:\/\/course.oeru.org\/lida103-fr\/wp-json\/wp\/v2\/comments?post=14272"}],"version-history":[{"count":1,"href":"https:\/\/course.oeru.org\/lida103-fr\/wp-json\/wp\/v2\/pages\/14272\/revisions"}],"predecessor-version":[{"id":14273,"href":"https:\/\/course.oeru.org\/lida103-fr\/wp-json\/wp\/v2\/pages\/14272\/revisions\/14273"}],"up":[{"embeddable":true,"href":"https:\/\/course.oeru.org\/lida103-fr\/wp-json\/wp\/v2\/pages\/14256"}],"wp:attachment":[{"href":"https:\/\/course.oeru.org\/lida103-fr\/wp-json\/wp\/v2\/media?parent=14272"}],"curies":[{"name":"wp","href":"https:\/\/api.w.org\/{rel}","templated":true}]}}