{"id":14274,"date":"2023-08-03T03:20:24","date_gmt":"2023-08-03T03:20:24","guid":{"rendered":"https:\/\/course.oeru.org\/lida103-fr\/?page_id=14274"},"modified":"2023-08-03T03:20:24","modified_gmt":"2023-08-03T03:20:24","slug":"exercice-travail-de-reflexion-sur-le-libre-acces","status":"publish","type":"page","link":"https:\/\/course.oeru.org\/lida103-fr\/modules\/dimensions-du-libre-acces\/exercice-travail-de-reflexion-sur-le-libre-acces\/","title":{"rendered":"Exercice \u2013 Travail de r\u00e9flexion sur le libre acc\u00e8s"},"content":{"rendered":"<div id=\"content\" class=\"mw-body container\" role=\"main\">\n<div class=\"row\">\n<div class=\"col-md-12\">\n<div class=\"panel\">\n<div class=\"panel-body\">\n<div id=\"bodyContent\">\n<div id=\"mw-content-text\" lang=\"en\" dir=\"ltr\" class=\"mw-content-ltr\">\n<p>Les \u00e9tapes qui suivent vous aideront \u00e0 pr\u00e9parer votre travail de r\u00e9flexion.\n<\/p>\n<ol>\n<li> Parcourez les ressources sur <a href=\"\/lida103-fr\/modules\/dimensions-du-libre-acces\/lancez-vous-\u2013-travail-de-reflexion-sur-le-libre-acces\" title=\"Learning in a digital age\/LiDA103 fr\/Dimensions of openness\/Start Learning reflection\">l\u2019\u00e9criture r\u00e9flexive<\/a>.\n<\/li>\n<li> Choisissez une dimension du libre acc\u00e8s \u00e0 \u00e9tudier de mani\u00e8re approfondie&nbsp;:\n<ul>\n<li> <a href=\"\/lida103-fr\/modules\/dimensions-du-libre-acces\/libre-acces\" title=\"Learning in a digital age\/LiDA103 fr\/Dimensions of openness\/Open access\">libre acc\u00e8s<\/a>\n<\/li>\n<li> <a href=\"\/lida103-fr\/modules\/dimensions-du-libre-acces\/logiciels-libres-et-logiciels-open-source\" title=\"Learning in a digital age\/LiDA103 fr\/Dimensions of openness\/FOSS\">logiciels libres et logiciels open source<\/a>\n<\/li>\n<li> <a href=\"\/lida103-fr\/modules\/dimensions-du-libre-acces\/manuels-en-libre-acces\" title=\"Learning in a digital age\/LiDA103 fr\/Dimensions of openness\/Digital textbooks\">manuels en libre acc\u00e8s<\/a>\n<\/li>\n<li> <a href=\"\/lida103-fr\/modules\/dimensions-du-libre-acces\/politiques-de-libre-acces\" title=\"Learning in a digital age\/LiDA103 fr\/Dimensions of openness\/Open policy\">politiques de libre acc\u00e8s<\/a>\n<\/li>\n<li> <a href=\"\/lida103-fr\/modules\/dimensions-du-libre-acces\/modeles-economiques-du-libre-acces\" title=\"Learning in a digital age\/LiDA103 fr\/Dimensions of openness\/Open business models\">mod\u00e8les \u00e9conomiques du libre acc\u00e8s<\/a>\n<\/li>\n<li> <a href=\"\/lida103-fr\/modules\/dimensions-du-libre-acces\/pratiques-educatives-libres\" title=\"Learning in a digital age\/LiDA103 fr\/Dimensions of openness\/Open educational practices\">pratiques \u00e9ducatives libres<\/a>\n<\/li>\n<\/ul>\n<\/li>\n<li> Effectuez des recherches pour trouver une \u00e9tude publi\u00e9e sur la dimension du libre acc\u00e8s que vous avez choisie et partagez les liens utiles sur <a rel=\"nofollow\" class=\"external text\" href=\"https:\/\/bookmarks.oeru.org\/\">bookmarks.oeru.org<\/a>. N\u2019oubliez pas de tagger votre article en utilisant le code du cours, LiDA103fr, ainsi que d\u2019autres \u00e9tiquettes descriptives telles que \u00ablibre acc\u00e8s\u00bb, \u00abpolitique de libre acc\u00e8s\u00bb, \u00abmod\u00e8le \u00e9conomique du libre acc\u00e8s\u00bb, etc.\n<\/li>\n<li> Appuyez-vous sur l\u2019activit\u00e9 propos\u00e9e pour les th\u00e8mes de ce module pour mener vos recherches ou choisissez une autre piste en fonction des ressources que vous trouvez en ligne.\n<\/li>\n<li> Dressez la liste de vos exp\u00e9riences et de vos connaissances en mati\u00e8re de libre acc\u00e8s avant de vous plonger dans le sujet en ligne.\n<\/li>\n<li> \u00c9num\u00e9rez non seulement CE que vous avez appris, mais <b>aussi<\/b> COMMENT vous l\u2019avez appris.\n<\/li>\n<li> R\u00e9fl\u00e9chissez \u00e0 votre r\u00e9ponse ou \u00e0 votre r\u00e9action face aux nouvelles connaissances et aux nouvelles id\u00e9es glan\u00e9es lors de vos recherches.\n<\/li>\n<\/ol>\n<p><!-- \nNewPP limit report\nCPU time usage: 0.005 seconds\nReal time usage: 0.006 seconds\nPreprocessor visited node count: 3\/1000000\nPreprocessor generated node count: 14\/1000000\nPost\u2010expand include size: 9\/2097152 bytes\nTemplate argument size: 0\/2097152 bytes\nHighest expansion depth: 2\/40\nExpensive parser function count: 0\/100\n--><\/p>\n<p><!-- Saved in parser cache with key we_en-mw_:pcache:idhash:188381-0!*!0!*!*!*!* and timestamp 20230802220822 and revision id 1085903\n -->\n<\/div>\n<div class=\"visualClear\"><\/div>\n<\/p><\/div>\n<\/p><\/div>\n<\/div>\n<\/div>\n<\/div>\n<div class=\"row\">\n<div class=\"col-md-12\">\n<ul class=\"pager\">\n<li class=\"previous\">\n            <a href=\"\/lida103-fr\/modules\/dimensions-du-libre-acces\/lancez-vous-travail-de-reflexion-sur-le-libre-acces\">\u2190 Pr\u00e9c\u00e9dent<\/a>\n          <\/li>\n<li class=\"next\">\n            <a href=\"\/lida103-fr\/modules\/dimensions-du-libre-acces\/mise-en-pratique-travail-de-reflexion-sur-le-libre-acces\">Suivant \u2192<\/a>\n          <\/li>\n<\/ul><\/div>\n<\/p><\/div>\n<div id=\"wenote-ids\"><script type='text\/javascript' id='wenotes-ids'>\n    var WEnotesSite = \"https:\/\/wikieducator.org\";\n    var WEnotesPath = \"\/Learning_in_a_digital_age\/LiDA103_fr\/Dimensions_of_openness\/Tasks_Learning_reflection\";\n    var WEnotesSiteID = \"0e3d258fbd36841f92259eefcd41d5e9\";\n    var WEnotesPathID = \"fcee69aca005e28301c06e0544f18e3d\";\n    var WEnotesIDs = { site: \"https:\/\/wikieducator.org\", path: \"\/Learning_in_a_digital_age\/LiDA103_fr\/Dimensions_of_openness\/Tasks_Learning_reflection\", site_id: \"0e3d258fbd36841f92259eefcd41d5e9\", path_id: \"fcee69aca005e28301c06e0544f18e3d\" };\n<\/script><\/div>\n<\/div>\n<footer><\/footer>\n","protected":false},"excerpt":{"rendered":"<p>Les \u00e9tapes qui suivent vous aideront \u00e0 pr\u00e9parer votre travail de r\u00e9flexion. Parcourez les ressources sur l\u2019\u00e9criture r\u00e9flexive. Choisissez une dimension du libre acc\u00e8s \u00e0 \u00e9tudier de mani\u00e8re approfondie&nbsp;: libre acc\u00e8s logiciels libres et logiciels open source manuels en libre acc\u00e8s politiques de libre acc\u00e8s mod\u00e8les \u00e9conomiques du libre acc\u00e8s pratiques \u00e9ducatives libres Effectuez des [&hellip;]<\/p>\n","protected":false},"author":1,"featured_media":0,"parent":14256,"menu_order":0,"comment_status":"closed","ping_status":"closed","template":"","meta":{"footnotes":""},"class_list":["post-14274","page","type-page","status-publish","hentry"],"_links":{"self":[{"href":"https:\/\/course.oeru.org\/lida103-fr\/wp-json\/wp\/v2\/pages\/14274","targetHints":{"allow":["GET"]}}],"collection":[{"href":"https:\/\/course.oeru.org\/lida103-fr\/wp-json\/wp\/v2\/pages"}],"about":[{"href":"https:\/\/course.oeru.org\/lida103-fr\/wp-json\/wp\/v2\/types\/page"}],"author":[{"embeddable":true,"href":"https:\/\/course.oeru.org\/lida103-fr\/wp-json\/wp\/v2\/users\/1"}],"replies":[{"embeddable":true,"href":"https:\/\/course.oeru.org\/lida103-fr\/wp-json\/wp\/v2\/comments?post=14274"}],"version-history":[{"count":1,"href":"https:\/\/course.oeru.org\/lida103-fr\/wp-json\/wp\/v2\/pages\/14274\/revisions"}],"predecessor-version":[{"id":14275,"href":"https:\/\/course.oeru.org\/lida103-fr\/wp-json\/wp\/v2\/pages\/14274\/revisions\/14275"}],"up":[{"embeddable":true,"href":"https:\/\/course.oeru.org\/lida103-fr\/wp-json\/wp\/v2\/pages\/14256"}],"wp:attachment":[{"href":"https:\/\/course.oeru.org\/lida103-fr\/wp-json\/wp\/v2\/media?parent=14274"}],"curies":[{"name":"wp","href":"https:\/\/api.w.org\/{rel}","templated":true}]}}