{"id":14276,"date":"2023-08-03T03:20:26","date_gmt":"2023-08-03T03:20:26","guid":{"rendered":"https:\/\/course.oeru.org\/lida103-fr\/?page_id=14276"},"modified":"2023-08-03T03:20:26","modified_gmt":"2023-08-03T03:20:26","slug":"mise-en-pratique-travail-de-reflexion-sur-le-libre-acces","status":"publish","type":"page","link":"https:\/\/course.oeru.org\/lida103-fr\/modules\/dimensions-du-libre-acces\/mise-en-pratique-travail-de-reflexion-sur-le-libre-acces\/","title":{"rendered":"Mise en pratique \u2013 Travail de r\u00e9flexion sur le libre acc\u00e8s"},"content":{"rendered":"<div id=\"content\" class=\"mw-body container\" role=\"main\">\n<div class=\"row\">\n<div class=\"col-md-12\">\n<div class=\"panel\">\n<div class=\"panel-body\">\n<div id=\"bodyContent\">\n<div id=\"mw-content-text\" lang=\"en\" dir=\"ltr\" class=\"mw-content-ltr\"><div class=\"panel iDevice\">\n\t<div class=\"panel-heading idevice-heading\">\n\t\t<div>\n\t\t\t<img decoding=\"async\" class=\"pedagogicalicon\" alt=\"activity\" src=\"https:\/\/course.oeru.org\/lida103-fr\/wp-content\/themes\/oeru-course\/idevices\/Icon_activity.png\">\n\t\t<\/div>\n\t\t<div>\n\t\t\t<h2>Activit\u00e9s de mise en pratique des connaissances<\/h2>\n\t\t<\/div>\n\t<\/div>\n\t<div class=\"panel-body\">\n\t\t<div class=\"col-md-12\">\n\t\t\t<\/p>\n<ol>\n<li> R\u00e9digez et publiez un article de blog de 400 \u00e0 600 mots environ pour rendre compte de vos nouvelles connaissances sur la dimension du libre acc\u00e8s que vous avez choisi d\u2019\u00e9tudier.\n<\/li>\n<li> La partie de votre article de blog concernant cette dimension du libre acc\u00e8s (200 mots environ) doit&nbsp;:\n<ul>\n<li> justifier le choix de cette dimension&nbsp;;\n<\/li>\n<li> r\u00e9sumer bri\u00e8vement la dimension et synth\u00e9tiser vos constatations les plus importantes, en vous appuyant sur des r\u00e9f\u00e9rences cit\u00e9es selon les normes APA&nbsp;;\n<\/li>\n<li> \u00e9num\u00e9rer les trois principaux enjeux de cette dimension pour l\u2019apprentissage \u00e0 l\u2019\u00e8re du num\u00e9rique.\n<\/li>\n<\/ul>\n<\/li>\n<li> La partie de votre article de blog contenant le travail de r\u00e9flexion doit aborder les points \u00e9num\u00e9r\u00e9s ci-dessous&nbsp;:\n<ul>\n<li> <b>Description<\/b>&nbsp;: faites part de votre exp\u00e9rience au lecteur.\n<\/li>\n<li> <b>\u00c9valuation<\/b>&nbsp;: \u00e9noncez les bons et les mauvais c\u00f4t\u00e9s de cette exp\u00e9rience.\n<\/li>\n<li> <b>Analyse<\/b>&nbsp;: pr\u00e9sentez les enseignements que vous en avez tir\u00e9s. \u00c0 pr\u00e9sent, quel regard portez-vous sur cette exp\u00e9rience&nbsp;? Vous a-t-elle fait \u00e9voluer&nbsp;? Dans quel sens&nbsp;?\n<\/li>\n<li> <b>Conclusion<\/b>&nbsp;: quels autres choix avez-vous \u00e9cart\u00e9s ou qu\u2019auriez-vous pu faire d\u2019autre&nbsp;?\n<\/li>\n<li> <b>Ouverture<\/b>&nbsp;:  quelles sont vos nouvelles connaissances ou comp\u00e9tences&nbsp;? De quelle fa\u00e7on cette exp\u00e9rience influera-t-elle sur votre apprentissage par la suite&nbsp;?\n<\/li>\n<\/ul>\n<\/li>\n<li> N\u2019oubliez pas de tagger votre article de blog avec le code du cours (LiDA103fr) afin qu\u2019il soit repris dans le fil d\u2019actualit\u00e9.\n<\/li>\n<li> Publiez un commentaire sous un ou deux articles d\u2019autres apprenants.\n<\/li>\n<\/ol>\n<p>\n<\/p>\n<p>\n\t\t<\/div>\n\t<\/div>\n<\/div><\/p>\n<p><!-- \nNewPP limit report\nCPU time usage: 0.016 seconds\nReal time usage: 0.018 seconds\nPreprocessor visited node count: 85\/1000000\nPreprocessor generated node count: 784\/1000000\nPost\u2010expand include size: 4744\/2097152 bytes\nTemplate argument size: 3296\/2097152 bytes\nHighest expansion depth: 7\/40\nExpensive parser function count: 0\/100\n--><\/p>\n<p><!-- Saved in parser cache with key we_en-mw_:pcache:idhash:188382-0!*!*!*!*!2!* and timestamp 20230802220822 and revision id 1086013\n -->\n<\/div>\n<div class=\"visualClear\"><\/div>\n<\/p><\/div>\n<\/p><\/div>\n<\/div>\n<\/div>\n<\/div>\n<div class=\"row\">\n<div class=\"col-md-12\">\n<ul class=\"pager\">\n<li class=\"previous\">\n            <a href=\"\/lida103-fr\/modules\/dimensions-du-libre-acces\/exercice-travail-de-reflexion-sur-le-libre-acces\">\u2190 Pr\u00e9c\u00e9dent<\/a>\n          <\/li>\n<li class=\"next\">\n            <a href=\"\/lida103-fr\/modules\/dimensions-du-libre-acces\/quiz\">Suivant \u2192<\/a>\n          <\/li>\n<\/ul><\/div>\n<\/p><\/div>\n<div id=\"wenote-ids\"><script type='text\/javascript' id='wenotes-ids'>\n    var WEnotesSite = \"https:\/\/wikieducator.org\";\n    var WEnotesPath = \"\/Learning_in_a_digital_age\/LiDA103_fr\/Dimensions_of_openness\/Outputs_Learning_reflection\";\n    var WEnotesSiteID = \"0e3d258fbd36841f92259eefcd41d5e9\";\n    var WEnotesPathID = \"d92f372e1e6f836860d2c0781f2238e9\";\n    var WEnotesIDs = { site: \"https:\/\/wikieducator.org\", path: \"\/Learning_in_a_digital_age\/LiDA103_fr\/Dimensions_of_openness\/Outputs_Learning_reflection\", site_id: \"0e3d258fbd36841f92259eefcd41d5e9\", path_id: \"d92f372e1e6f836860d2c0781f2238e9\" };\n<\/script><\/div>\n<\/div>\n<footer><\/footer>\n","protected":false},"excerpt":{"rendered":"<p>\u2190 Pr\u00e9c\u00e9dent Suivant \u2192<\/p>\n","protected":false},"author":1,"featured_media":0,"parent":14256,"menu_order":0,"comment_status":"closed","ping_status":"closed","template":"","meta":{"footnotes":""},"class_list":["post-14276","page","type-page","status-publish","hentry"],"_links":{"self":[{"href":"https:\/\/course.oeru.org\/lida103-fr\/wp-json\/wp\/v2\/pages\/14276","targetHints":{"allow":["GET"]}}],"collection":[{"href":"https:\/\/course.oeru.org\/lida103-fr\/wp-json\/wp\/v2\/pages"}],"about":[{"href":"https:\/\/course.oeru.org\/lida103-fr\/wp-json\/wp\/v2\/types\/page"}],"author":[{"embeddable":true,"href":"https:\/\/course.oeru.org\/lida103-fr\/wp-json\/wp\/v2\/users\/1"}],"replies":[{"embeddable":true,"href":"https:\/\/course.oeru.org\/lida103-fr\/wp-json\/wp\/v2\/comments?post=14276"}],"version-history":[{"count":1,"href":"https:\/\/course.oeru.org\/lida103-fr\/wp-json\/wp\/v2\/pages\/14276\/revisions"}],"predecessor-version":[{"id":14277,"href":"https:\/\/course.oeru.org\/lida103-fr\/wp-json\/wp\/v2\/pages\/14276\/revisions\/14277"}],"up":[{"embeddable":true,"href":"https:\/\/course.oeru.org\/lida103-fr\/wp-json\/wp\/v2\/pages\/14256"}],"wp:attachment":[{"href":"https:\/\/course.oeru.org\/lida103-fr\/wp-json\/wp\/v2\/media?parent=14276"}],"curies":[{"name":"wp","href":"https:\/\/api.w.org\/{rel}","templated":true}]}}