{"id":14282,"date":"2023-08-03T03:20:32","date_gmt":"2023-08-03T03:20:32","guid":{"rendered":"https:\/\/course.oeru.org\/lida103-fr\/?page_id=14282"},"modified":"2023-08-03T03:20:32","modified_gmt":"2023-08-03T03:20:32","slug":"modalites-de-certification-et-de-qualification","status":"publish","type":"page","link":"https:\/\/course.oeru.org\/lida103-fr\/evaluation\/modalites-de-certification-et-de-qualification\/","title":{"rendered":"Modalit\u00e9s de certification et de qualification"},"content":{"rendered":"<div id=\"content\" class=\"mw-body container\" role=\"main\">\n<div class=\"row\">\n<div class=\"col-md-12\">\n<div class=\"panel\">\n<div class=\"panel-body\">\n<div id=\"bodyContent\">\n<div id=\"mw-content-text\" lang=\"en\" dir=\"ltr\" class=\"mw-content-ltr\">\n<p>Vous suivez peut-\u00eatre ce cours par int\u00e9r\u00eat personnel\u2009; dans ce cas, rien ne vous oblige \u00e0 passer les \u00e9valuations ou les tests. Toutefois, si vous souhaitez \u00e9valuer ou prouver vos connaissances, nous pouvons proposer  deux modalit\u00e9s de certification . \u00c0 vous de choisir la solution qui correspond le mieux \u00e0 vos besoins et \u00e0 votre situation.\n<\/p>\n<h2><span class=\"mw-headline\" id=\"Attestation_de_participation_.28gratuit.29\">Attestation de participation (gratuit)<\/span><\/h2>\n<p>Chaque cours se conclut par un test de connaissances en ligne. Ce test est compos\u00e9 de 30 \u00e0 40 questions vrai ou faux et \u00e0 choix multiples, qui traitent de sujets abord\u00e9s dans le cours. Il faut 50&nbsp;% de bonnes r\u00e9ponses pour valider le test, qui est not\u00e9 automatiquement.<br \/>\nLe test est con\u00e7u pour rendre compte de votre implication dans le cours\u2009; il sera difficile de le valider sans avoir lu les documents du cours et entam\u00e9 une r\u00e9flexion \u00e0 leur sujet.\n<\/p>\n<p>L\u2019attestation de participation trouve par exemple son utilit\u00e9 pour prouver \u00e0 un employeur potentiel ou actuel&nbsp;:\n<\/p>\n<ul>\n<li> votre motivation \u00e0 \u00e9largir vos connaissances dans ce domaine\u2009;\n<\/li>\n<li> vos connaissances fondamentales \u00e0 ce sujet.\n<\/li>\n<\/ul>\n<p>Veuillez noter que le test n\u2019\u00e9value pas votre r\u00e9ussite selon les m\u00eames exigences qu\u2019\u00e0 l\u2019universit\u00e9 et qu\u2019une attestation de participation ne sera pas reconnue au m\u00eame titre qu\u2019une qualification universitaire par les \u00e9tablissements d\u2019enseignement sup\u00e9rieur ou les employeurs.<br \/>\nL\u2019OERu attestera de votre r\u00e9ussite au test de connaissances en vous fournissant une <b>attestation<\/b> accompagn\u00e9e d\u2019un badge \u00e9lectronique (gratuit).\n<\/p>\n<p>Pour plus d\u2019informations sur cette possibilit\u00e9, consultez la page <a href=\"\/lida103-fr\/evaluation\/obtention-dune-attestation-de-participation\" title=\"Learning in a digital age\/LiDA103 fr\/Assessment\/Certify participation\">Attestation de participation<\/a>.\n<\/p>\n<h2><span class=\"mw-headline\" id=\"Certificat_de_comp.C3.A9tence_.28gratuit.29\">Certificat de comp\u00e9tence (gratuit)<\/span><\/h2>\n<p>La Fondation pour les REL (OER Foundation) offre un acc\u00e8s gratuit \u00e0 un test de comp\u00e9tences qui d\u00e9bouche sur le certificat de comp\u00e9tence <i>licences ouvertes<\/i>. Les candidats qui obtiennent au moins 50&nbsp;% de bonnes r\u00e9ponses au test recevront un certificat de comp\u00e9tence au format PDF pour ce cours.\n<\/p>\n<div class=\"panel iDevice\">\n\t<div class=\"panel-heading idevice-heading\">\n\t\t<div>\n\t\t\t<img decoding=\"async\" class=\"pedagogicalicon\" alt=\"activity\" src=\"https:\/\/course.oeru.org\/lida103-fr\/wp-content\/themes\/oeru-course\/idevices\/Icon_activity.png\">\n\t\t<\/div>\n\t\t<div>\n\t\t\t<h2>Instructions<\/h2>\n\t\t<\/div>\n\t<\/div>\n\t<div class=\"panel-body\">\n\t\t<div class=\"col-md-12\">\n\t\t\t<\/p>\n<ol>\n<li> Connectez-vous ou cr\u00e9ez un compte sur la page <a rel=\"nofollow\" class=\"external text\" href=\"https:\/\/moodle.oeru.org\/login\/index.php\">moodle.oeru.org<\/a>.\n<\/li>\n<li> Cliquez sur le lien <a rel=\"nofollow\" class=\"external text\" href=\"https:\/\/moodle.oeru.org\/course\/view.php?id=53\">Certificat de comp\u00e9tence pour ce cours<\/a>.\n<\/li>\n<li> Entrez la cl\u00e9 d\u2019auto-inscription suivante&nbsp;: \u00ab\u2009relpourtous\u2009\u00bb (en minuscules).\n<\/li>\n<li> Suivez les consignes qui s\u2019affichent \u00e0 l\u2019\u00e9cran pour passer le test pr\u00e9liminaire.\n<\/li>\n<li> Si vous avez besoin d\u2019aide pour cr\u00e9er un compte sur notre Moodle, visitez la <a rel=\"nofollow\" class=\"external text\" href=\"https:\/\/translate.google.com\/translate?sl=en&amp;tl=fr&amp;u=https:\/\/course.oeru.org\/support\/studying-courses\/oeru-knowledge-tests\/\">page d\u2019aide<\/a> (traduit par \u00ab&nbsp;Google Traduction&nbsp;\u00bb).\n<\/li>\n<\/ol>\n<p>Veuillez noter que ce test de comp\u00e9tences est gratuit.\n<\/p>\n<p>\n<\/p>\n<p>\n\t\t<\/div>\n\t<\/div>\n<\/div>\n<p><!-- \nNewPP limit report\nCPU time usage: 0.019 seconds\nReal time usage: 0.022 seconds\nPreprocessor visited node count: 91\/1000000\nPreprocessor generated node count: 790\/1000000\nPost\u2010expand include size: 2951\/2097152 bytes\nTemplate argument size: 1496\/2097152 bytes\nHighest expansion depth: 7\/40\nExpensive parser function count: 0\/100\n--><\/p>\n<p><!-- Saved in parser cache with key we_en-mw_:pcache:idhash:188525-0!*!0!!*!2!* and timestamp 20230802163021 and revision id 1091125\n -->\n<\/div>\n<div class=\"visualClear\"><\/div>\n<\/p><\/div>\n<\/p><\/div>\n<\/div>\n<\/div>\n<\/div>\n<div class=\"row\">\n<div class=\"col-md-12\">\n<ul class=\"pager\">\n<li class=\"previous\">\n            <a href=\"\/lida103-fr\/modules\/dimensions-du-libre-acces\/quiz\">\u2190 Pr\u00e9c\u00e9dent<\/a>\n          <\/li>\n<li class=\"next\">\n            <a href=\"\/lida103-fr\/evaluation\/obtention-dune-attestation-de-participation\">Suivant \u2192<\/a>\n          <\/li>\n<\/ul><\/div>\n<\/p><\/div>\n<div id=\"wenote-ids\"><script type='text\/javascript' id='wenotes-ids'>\n    var WEnotesSite = \"https:\/\/wikieducator.org\";\n    var WEnotesPath = \"\/Learning_in_a_digital_age\/LiDA103_fr\/Certification_options\";\n    var WEnotesSiteID = \"0e3d258fbd36841f92259eefcd41d5e9\";\n    var WEnotesPathID = \"dd07a06823cbbadf81274a226873eb75\";\n    var WEnotesIDs = { site: \"https:\/\/wikieducator.org\", path: \"\/Learning_in_a_digital_age\/LiDA103_fr\/Certification_options\", site_id: \"0e3d258fbd36841f92259eefcd41d5e9\", path_id: \"dd07a06823cbbadf81274a226873eb75\" };\n<\/script><\/div>\n<\/div>\n<footer><\/footer>\n","protected":false},"excerpt":{"rendered":"<p>Vous suivez peut-\u00eatre ce cours par int\u00e9r\u00eat personnel\u2009; dans ce cas, rien ne vous oblige \u00e0 passer les \u00e9valuations ou les tests. Toutefois, si vous souhaitez \u00e9valuer ou prouver vos connaissances, nous pouvons proposer deux modalit\u00e9s de certification . \u00c0 vous de choisir la solution qui correspond le mieux \u00e0 vos besoins et \u00e0 votre [&hellip;]<\/p>\n","protected":false},"author":1,"featured_media":0,"parent":14280,"menu_order":0,"comment_status":"closed","ping_status":"closed","template":"","meta":{"footnotes":""},"class_list":["post-14282","page","type-page","status-publish","hentry"],"_links":{"self":[{"href":"https:\/\/course.oeru.org\/lida103-fr\/wp-json\/wp\/v2\/pages\/14282","targetHints":{"allow":["GET"]}}],"collection":[{"href":"https:\/\/course.oeru.org\/lida103-fr\/wp-json\/wp\/v2\/pages"}],"about":[{"href":"https:\/\/course.oeru.org\/lida103-fr\/wp-json\/wp\/v2\/types\/page"}],"author":[{"embeddable":true,"href":"https:\/\/course.oeru.org\/lida103-fr\/wp-json\/wp\/v2\/users\/1"}],"replies":[{"embeddable":true,"href":"https:\/\/course.oeru.org\/lida103-fr\/wp-json\/wp\/v2\/comments?post=14282"}],"version-history":[{"count":1,"href":"https:\/\/course.oeru.org\/lida103-fr\/wp-json\/wp\/v2\/pages\/14282\/revisions"}],"predecessor-version":[{"id":14283,"href":"https:\/\/course.oeru.org\/lida103-fr\/wp-json\/wp\/v2\/pages\/14282\/revisions\/14283"}],"up":[{"embeddable":true,"href":"https:\/\/course.oeru.org\/lida103-fr\/wp-json\/wp\/v2\/pages\/14280"}],"wp:attachment":[{"href":"https:\/\/course.oeru.org\/lida103-fr\/wp-json\/wp\/v2\/media?parent=14282"}],"curies":[{"name":"wp","href":"https:\/\/api.w.org\/{rel}","templated":true}]}}