{"id":14286,"date":"2023-08-03T03:20:36","date_gmt":"2023-08-03T03:20:36","guid":{"rendered":"https:\/\/course.oeru.org\/lida103-fr\/?page_id=14286"},"modified":"2023-08-03T03:20:36","modified_gmt":"2023-08-03T03:20:36","slug":"obtention-dune-certification-de-competence","status":"publish","type":"page","link":"https:\/\/course.oeru.org\/lida103-fr\/evaluation\/obtention-dune-certification-de-competence\/","title":{"rendered":"Obtention d&rsquo;une certification de comp\u00e9tence"},"content":{"rendered":"<div id=\"content\" class=\"mw-body container\" role=\"main\">\n<div class=\"row\">\n<div class=\"col-md-12\">\n<div class=\"panel\">\n<div class=\"panel-body\">\n<div id=\"bodyContent\">\n<div id=\"mw-content-text\" lang=\"en\" dir=\"ltr\" class=\"mw-content-ltr\">\n<div class=\"floatright\"><a href=\"https:\/\/wikieducator.org\/File:Example_LiDA103_Certificate.jpg\" class=\"image\"><img loading=\"lazy\" decoding=\"async\" alt=\"Example LiDA103 Certificate.jpg\" src=\"\/\/wikieducator.org\/images\/thumb\/f\/f5\/Example_LiDA103_Certificate.jpg\/320px-Example_LiDA103_Certificate.jpg\" width=\"320\" height=\"226\" class=\"img-responsive\"><\/a><\/div>\n<h2><span class=\"mw-headline\" id=\"Contexte\">Contexte<\/span><\/h2>\n<p>Dans le cadre de la Recommandation de l\u2019UNESCO sur les REL, la Fondation pour les REL s\u2019est associ\u00e9e au CIED pour contribuer au d\u00e9veloppement des capacit\u00e9s dans le domaine des ressources \u00e9ducatives libres.<br \/>\nCette initiative, coordonn\u00e9e par la Coalition dynamique pour les REL de l\u2019UNESCO, offrira un acc\u00e8s gratuit au test de comp\u00e9tences de l\u2019OERu qui permettra aux apprenants d\u2019obtenir un certificat PDF de comp\u00e9tence en mati\u00e8re de licences ouvertes.\n<\/p>\n<h2><span class=\"mw-headline\" id=\"Pr.C3.A9paration_au_test_de_comp.C3.A9tences\">Pr\u00e9paration au test de comp\u00e9tences<\/span><\/h2>\n<p>Le test est con\u00e7u pour \u00e9valuer vos comp\u00e9tences en mati\u00e8re de licences ouvertes, y compris le remixage de diff\u00e9rents types de licences ouvertes. Vous devrez avoir une connaissance et une compr\u00e9hension approfondies des parcours d\u2019apprentissage suivants&nbsp;:\n<\/p>\n<ul>\n<li> <a href=\"\/lida103-fr\/modules\/licences-creative-commons\/apercu\" title=\"Learning in a digital age\/LiDA103 fr\/Creative Commons\/Overview\">Creative Commons<\/a> \u2013 N\u2019oubliez pas de consulter les r\u00e9ponses \u00e0 vos <a href=\"\/lida103-fr\/modules\/licences-creative-commons\/trouver-des-reponses-a-des-questions-sur-les-licences-cc\" title=\"Learning in a digital age\/LiDA103 fr\/Creative Commons\/Devil\">questions sur les licences Creative Commons<\/a>\n<\/li>\n<li> <a href=\"\/lida103-fr\/modules\/jeu-compatibles-ou-non\/apercu\" title=\"Learning in a digital age\/LiDA103 fr\/Remix game\/Overview\">Jeu : Compatibles ou non ?<\/a>\n<\/li>\n<\/ul>\n<h2><span class=\"mw-headline\" id=\".C3.80_propos_du_test\">\u00c0 propos du test<\/span><\/h2>\n<p>Le test s\u2019effectue en ligne et se compose de questions \u00e0 choix multiples qui acceptent soit une seule bonne r\u00e9ponse soit plusieurs bonnes r\u00e9ponses.\n<\/p>\n<ul>\n<li> Dur\u00e9e estim\u00e9e&nbsp;: 20 \u00e0 30 minutes.\n<\/li>\n<li> Score requis&nbsp;: 50&nbsp;% (Ne r\u00e9pondez pas au hasard \u2013 des points sont retir\u00e9s pour les r\u00e9ponses incorrectes aux questions \u00e0 choix multiples).\n<\/li>\n<li> Tentatives multiples&nbsp;: Oui, les tentatives multiples sont autoris\u00e9es \u2013 nous avons \u00e0 c\u0153ur la r\u00e9ussite des apprenants.\n<\/li>\n<li> Nombre de questions&nbsp;: 25.\n<\/li>\n<\/ul>\n<h3><span class=\"mw-headline\" id=\"Structure_du_test\">Structure du test<\/span><\/h3>\n<p>Chaque instance de test s\u00e9lectionne 25 questions g\u00e9n\u00e9r\u00e9es al\u00e9atoirement dans la banque de questions, comme suit&nbsp;:\n<\/p>\n<ul>\n<li> Section A&nbsp;: Creative Commons et domaine public (10 questions de type Vrai ou Faux).\n<\/li>\n<li> Section B&nbsp;: Creative Commons et licences ouvertes (15 questions \u00e0 choix multiples).\n<\/li>\n<\/ul>\n<h3><span class=\"mw-headline\" id=\"Test_pr.C3.A9paratoire_facultatif\">Test pr\u00e9paratoire facultatif<\/span><\/h3>\n<p>Nous proposons un test pr\u00e9paratoire facultatif pour vous familiariser avec l\u2019environnement de test. Ce test pr\u00e9paratoire vous permettra de vous faire une id\u00e9e g\u00e9n\u00e9rale de votre connaissance des licences ouvertes. Veuillez noter qu\u2019il est plus court que le test de comp\u00e9tence complet et qu\u2019il n\u2019aborde donc pas tous les domaines \u00e0 \u00e9valuer pour la certification.\n<\/p>\n<h2><span class=\"mw-headline\" id=\"Engagement_sur_l.E2.80.99honneur_des_candidats\">Engagement sur l\u2019honneur des candidats<\/span><\/h2>\n<p>Les apprenants qui participent au test de connaissances de l\u2019OERu doivent faire preuve de la plus haute int\u00e9grit\u00e9 intellectuelle. Pendant le test, vous ne devez pas recevoir d\u2019aide. (Les apprenants en situation de handicap sont autoris\u00e9s \u00e0 avoir recours \u00e0 un lecteur humain ou \u00e0 un synth\u00e9tiseur vocal.)\n<\/p>\n<p>Tous les candidats devront souscrire \u00e0 la d\u00e9claration suivante avant de passer le test&nbsp;:\n<\/p>\n<p><i>\u00ab\u2009Je certifie que je n\u2019ai pas donn\u00e9 ou re\u00e7u d\u2019aide non autoris\u00e9e pendant le test et qu\u2019il s\u2019agit de mon travail personnel\u2009\u00bb<\/i>.\n<\/p>\n<p>Dans l\u2019\u00e9ventualit\u00e9 o\u00f9 la Fondation pour les REL d\u00e9c\u00e8lerait des atteintes \u00e0 ce code d\u2019honneur, elle se r\u00e9serverait le droit, \u00e0 son enti\u00e8re discr\u00e9tion, de retirer tout badge ou toute attestation qui vous aurait \u00e9t\u00e9 d\u00e9livr\u00e9(e) et\/ou de bannir votre compte d\u2019utilisateur de tous ses sites Web.\n<\/p>\n<p>\n<\/p>\n<div class=\"panel iDevice\">\n\t<div class=\"panel-heading idevice-heading\">\n\t\t<div>\n\t\t\t<img decoding=\"async\" class=\"pedagogicalicon\" alt=\"activity\" src=\"https:\/\/course.oeru.org\/lida103-fr\/wp-content\/themes\/oeru-course\/idevices\/Icon_activity.png\">\n\t\t<\/div>\n\t\t<div>\n\t\t\t<h2>Instructions<\/h2>\n\t\t<\/div>\n\t<\/div>\n\t<div class=\"panel-body\">\n\t\t<div class=\"col-md-12\">\n\t\t\t<\/p>\n<ol>\n<li> Connectez-vous ou cr\u00e9ez un compte sur la page <a rel=\"nofollow\" class=\"external text\" href=\"https:\/\/moodle.oeru.org\/login\/index.php\">moodle.oeru.org<\/a>.\n<ul>\n<li> Si vous avez besoin d\u2019aide pour cr\u00e9er un compte sur notre Moodle, visitez la <a rel=\"nofollow\" class=\"external text\" href=\"https:\/\/course-oeru-org.translate.goog\/support\/studying-courses\/oeru-knowledge-tests\/?_x_tr_sl=en&amp;_x_tr_tl=fr&amp;_x_tr_hl=fr&amp;_x_tr_pto=nui#Register_a_new_account_on_moodle.oeru.org\">page d\u2019aide<\/a> (traduit par \u00ab&nbsp;Google Traduction&nbsp;\u00bb).\n<\/li>\n<\/ul>\n<\/li>\n<li> Cliquez sur le lien <a rel=\"nofollow\" class=\"external text\" href=\"https:\/\/moodle.oeru.org\/enrol\/index.php?id=53\">Certificat de comp\u00e9tence<\/a> pour ce cours.\n<\/li>\n<li> Entrez la cl\u00e9 d\u2019auto-inscription suivante&nbsp;: \u00ab\u2009relpourtous\u2009\u00bb (tout en minuscules).\n<\/li>\n<li> Suivez les consignes qui s\u2019affichent \u00e0 l\u2019\u00e9cran pour passer le test pr\u00e9liminaire.\n<\/li>\n<li> Pour f\u00eater votre r\u00e9ussite, publiez une copie de votre certificat sur votre r\u00e9seau social pr\u00e9f\u00e9r\u00e9 et partagez avec vos coll\u00e8gues et amis le don de la connaissance \u00e0 l\u2019aide d\u2019un lien vers ce cours&nbsp;: <a rel=\"nofollow\" class=\"external free\" href=\"https:\/\/course.oeru.org\/lida103-fr\">https:\/\/course.oeru.org\/lida103-fr<\/a>.\n<\/li>\n<\/ol>\n<p>\n<\/p>\n<p>\n\t\t<\/div>\n\t<\/div>\n<\/div>\n<p><!-- \nNewPP limit report\nCPU time usage: 0.023 seconds\nReal time usage: 0.032 seconds\nPreprocessor visited node count: 103\/1000000\nPreprocessor generated node count: 802\/1000000\nPost\u2010expand include size: 3529\/2097152 bytes\nTemplate argument size: 2074\/2097152 bytes\nHighest expansion depth: 7\/40\nExpensive parser function count: 0\/100\n--><\/p>\n<p><!-- Saved in parser cache with key we_en-mw_:pcache:idhash:188522-0!*!0!!en!2!* and timestamp 20230802220824 and revision id 1091116\n -->\n<\/div>\n<div class=\"visualClear\"><\/div>\n<\/p><\/div>\n<\/p><\/div>\n<\/div>\n<\/div>\n<\/div>\n<div class=\"row\">\n<div class=\"col-md-12\">\n<ul class=\"pager\">\n<li class=\"previous\">\n            <a href=\"\/lida103-fr\/evaluation\/obtention-dune-attestation-de-participation\">\u2190 Pr\u00e9c\u00e9dent<\/a>\n          <\/li>\n<\/ul><\/div>\n<\/p><\/div>\n<div id=\"wenote-ids\"><script type='text\/javascript' id='wenotes-ids'>\n    var WEnotesSite = \"https:\/\/wikieducator.org\";\n    var WEnotesPath = \"\/Learning_in_a_digital_age\/LiDA103_fr\/Competency_certification\";\n    var WEnotesSiteID = \"0e3d258fbd36841f92259eefcd41d5e9\";\n    var WEnotesPathID = \"5daa33550f3c281ad444f934d2c58738\";\n    var WEnotesIDs = { site: \"https:\/\/wikieducator.org\", path: \"\/Learning_in_a_digital_age\/LiDA103_fr\/Competency_certification\", site_id: \"0e3d258fbd36841f92259eefcd41d5e9\", path_id: \"5daa33550f3c281ad444f934d2c58738\" };\n<\/script><\/div>\n<\/div>\n<footer><\/footer>\n","protected":false},"excerpt":{"rendered":"<p>Contexte Dans le cadre de la Recommandation de l\u2019UNESCO sur les REL, la Fondation pour les REL s\u2019est associ\u00e9e au CIED pour contribuer au d\u00e9veloppement des capacit\u00e9s dans le domaine des ressources \u00e9ducatives libres. Cette initiative, coordonn\u00e9e par la Coalition dynamique pour les REL de l\u2019UNESCO, offrira un acc\u00e8s gratuit au test de comp\u00e9tences de [&hellip;]<\/p>\n","protected":false},"author":1,"featured_media":0,"parent":14280,"menu_order":0,"comment_status":"closed","ping_status":"closed","template":"","meta":{"footnotes":""},"class_list":["post-14286","page","type-page","status-publish","hentry"],"_links":{"self":[{"href":"https:\/\/course.oeru.org\/lida103-fr\/wp-json\/wp\/v2\/pages\/14286","targetHints":{"allow":["GET"]}}],"collection":[{"href":"https:\/\/course.oeru.org\/lida103-fr\/wp-json\/wp\/v2\/pages"}],"about":[{"href":"https:\/\/course.oeru.org\/lida103-fr\/wp-json\/wp\/v2\/types\/page"}],"author":[{"embeddable":true,"href":"https:\/\/course.oeru.org\/lida103-fr\/wp-json\/wp\/v2\/users\/1"}],"replies":[{"embeddable":true,"href":"https:\/\/course.oeru.org\/lida103-fr\/wp-json\/wp\/v2\/comments?post=14286"}],"version-history":[{"count":1,"href":"https:\/\/course.oeru.org\/lida103-fr\/wp-json\/wp\/v2\/pages\/14286\/revisions"}],"predecessor-version":[{"id":14287,"href":"https:\/\/course.oeru.org\/lida103-fr\/wp-json\/wp\/v2\/pages\/14286\/revisions\/14287"}],"up":[{"embeddable":true,"href":"https:\/\/course.oeru.org\/lida103-fr\/wp-json\/wp\/v2\/pages\/14280"}],"wp:attachment":[{"href":"https:\/\/course.oeru.org\/lida103-fr\/wp-json\/wp\/v2\/media?parent=14286"}],"curies":[{"name":"wp","href":"https:\/\/api.w.org\/{rel}","templated":true}]}}